{"id":22,"date":"2020-09-11T08:32:05","date_gmt":"2020-09-11T08:32:05","guid":{"rendered":"https:\/\/cimpa.lis-lab.fr\/?page_id=22"},"modified":"2020-09-13T14:25:19","modified_gmt":"2020-09-13T14:25:19","slug":"scientific-committee","status":"publish","type":"page","link":"https:\/\/cimpa.lis-lab.fr\/index.php\/scientific-committee\/","title":{"rendered":"SCIENTIFIC COMMITTEE"},"content":{"rendered":"\n<div class=\"wp-block-group is-layout-flow wp-block-group-is-layout-flow\"><div class=\"wp-block-group__inner-container\"><\/div><\/div>\n\n\n\n<p  class=\"has-text-color has-normal-font-size\" style=\"color:#012600\">Tsegaye Gedif AYELE (Addis Ababa University, Ethiopia)<br>\nSimon DERKE (Arba Minch University, Ethiopia)<br>\n<a><href=\"http:\/\/caillau.perso.math.cnrs.fr\/\">Jean-Baptiste CAILLAU<\/a> (Universit\u00e9 de Nice-C\u00f4te d&#8217;Azur, France)<br>\n<a><href=\"https:\/\/pageperso.lis-lab.fr\/francesca-carlotta.chittaro\/\">Francesca CHITTARO<\/a> (Universit\u00e9 de Toulon, France)<br>\n<a><href=\"http:\/\/www.dma.unifi.it\/~poggiolini\/\">Laura POGGIOLINI<\/a> (Universit\u00e0 degli Studi di Firenze, Italy)<\/p>\n\n\n\n<p><\/p>\n","protected":false},"excerpt":{"rendered":"<p>Tsegaye Gedif AYELE (Addis Ababa University, Ethiopia) Simon DERKE (Arba Minch University, Ethiopia) Jean-Baptiste CAILLAU (Universit\u00e9 de Nice-C\u00f4te d&#8217;Azur, France) Francesca CHITTARO (Universit\u00e9 de Toulon, France) Laura POGGIOLINI (Universit\u00e0 degli Studi di Firenze, Italy)<\/p>\n","protected":false},"author":2,"featured_media":0,"parent":0,"menu_order":0,"comment_status":"closed","ping_status":"closed","template":"","meta":{"footnotes":""},"class_list":["post-22","page","type-page","status-publish","hentry"],"_links":{"self":[{"href":"https:\/\/cimpa.lis-lab.fr\/index.php\/wp-json\/wp\/v2\/pages\/22","targetHints":{"allow":["GET"]}}],"collection":[{"href":"https:\/\/cimpa.lis-lab.fr\/index.php\/wp-json\/wp\/v2\/pages"}],"about":[{"href":"https:\/\/cimpa.lis-lab.fr\/index.php\/wp-json\/wp\/v2\/types\/page"}],"author":[{"embeddable":true,"href":"https:\/\/cimpa.lis-lab.fr\/index.php\/wp-json\/wp\/v2\/users\/2"}],"replies":[{"embeddable":true,"href":"https:\/\/cimpa.lis-lab.fr\/index.php\/wp-json\/wp\/v2\/comments?post=22"}],"version-history":[{"count":7,"href":"https:\/\/cimpa.lis-lab.fr\/index.php\/wp-json\/wp\/v2\/pages\/22\/revisions"}],"predecessor-version":[{"id":100,"href":"https:\/\/cimpa.lis-lab.fr\/index.php\/wp-json\/wp\/v2\/pages\/22\/revisions\/100"}],"wp:attachment":[{"href":"https:\/\/cimpa.lis-lab.fr\/index.php\/wp-json\/wp\/v2\/media?parent=22"}],"curies":[{"name":"wp","href":"https:\/\/api.w.org\/{rel}","templated":true}]}}